{"id":110,"date":"2009-01-01T15:00:19","date_gmt":"2009-01-01T15:00:19","guid":{"rendered":"https:\/\/waldkindergartensite.wordpress.com\/?page_id=110"},"modified":"2025-09-28T18:01:37","modified_gmt":"2025-09-28T16:01:37","slug":"anmeldung","status":"publish","type":"page","link":"https:\/\/waldkindergarten-berglen.de\/?page_id=110","title":{"rendered":"Anmeldung"},"content":{"rendered":"\n<p><em><strong>Interessenten f\u00fcr den Waldkindergarten sollten m\u00f6glichst fr\u00fchzeitig ihr Kind \u00fcber das <a href=\"https:\/\/waldkindergarten-berglen.de\/?page_id=5340\">Anmelde-Formular<\/a>&nbsp;auf dieser Seite f\u00fcr die Warteliste anmelden.<\/strong><\/em><\/p>\n<p><em><strong>F\u00fcr R\u00fcckfragen steht Sandra Rehm per E-Mail unter <a href=\"mailto:anmeldung@waldkindergarten-berglen.de\">anmeldung@waldkindergarten-berglen.de<\/a> oder unter 0151 \/ 401 210 62 zur Verf\u00fcgung.<\/strong><br><\/em><\/p>\n<p><b>Informationen zu unseren Geb\u00fchren finden Sie <a href=\"https:\/\/waldkindergarten-berglen.de\/?page_id=132\">hier.<\/a><br>Details zum Anmeldeverfahren finden Sie <a href=\"https:\/\/waldkindergarten-berglen.de\/?page_id=8957\">hier.<\/a><br>Bitte beachten Sie auch die Informationen zum Thema <a href=\"https:\/\/waldkindergarten-berglen.de\/?page_id=112\">Arbeitsstunden.<\/a><\/b><\/p>\n<p>Sollten Unklarheiten bei der Anmeldung auftreten wird der Waldkindergarten Kontakt mit Ihnen aufnehmen, ansonsten best\u00e4tigt der Erhalt der automatischen Best\u00e4tigungsmail den erfolgreichen Eingang der Anmeldung.<\/p>\n<p><a href=\"https:\/\/waldkindergarten-berglen.de\/?page_id=5340\">Online Anmeldung<\/a><\/p>\n","protected":false},"excerpt":{"rendered":"<p>Interessenten f\u00fcr den Waldkindergarten sollten m\u00f6glichst fr\u00fchzeitig ihr Kind \u00fcber das Anmelde-Formular&nbsp;auf dieser Seite f\u00fcr die Warteliste anmelden. F\u00fcr R\u00fcckfragen steht Sandra Rehm per E-Mail unter anmeldung@waldkindergarten-berglen.de oder unter 0151 \/ 401 210 62 zur Verf\u00fcgung. Informationen zu unseren Geb\u00fchren finden Sie hier.Details zum Anmeldeverfahren finden Sie hier.Bitte beachten Sie auch die Informationen zum Thema&hellip; <a href=\"https:\/\/waldkindergarten-berglen.de\/?page_id=110\" class=\"more-link\">Weiterlesen <span class=\"screen-reader-text\">Anmeldung<\/span><\/a><\/p>\n","protected":false},"author":3,"featured_media":0,"parent":0,"menu_order":0,"comment_status":"closed","ping_status":"closed","template":"","meta":{"ngg_post_thumbnail":0,"footnotes":""},"categories":[],"tags":[],"class_list":["post-110","page","type-page","status-publish","hentry"],"jetpack_sharing_enabled":true,"_links":{"self":[{"href":"https:\/\/waldkindergarten-berglen.de\/index.php?rest_route=\/wp\/v2\/pages\/110","targetHints":{"allow":["GET"]}}],"collection":[{"href":"https:\/\/waldkindergarten-berglen.de\/index.php?rest_route=\/wp\/v2\/pages"}],"about":[{"href":"https:\/\/waldkindergarten-berglen.de\/index.php?rest_route=\/wp\/v2\/types\/page"}],"author":[{"embeddable":true,"href":"https:\/\/waldkindergarten-berglen.de\/index.php?rest_route=\/wp\/v2\/users\/3"}],"replies":[{"embeddable":true,"href":"https:\/\/waldkindergarten-berglen.de\/index.php?rest_route=%2Fwp%2Fv2%2Fcomments&post=110"}],"version-history":[{"count":10,"href":"https:\/\/waldkindergarten-berglen.de\/index.php?rest_route=\/wp\/v2\/pages\/110\/revisions"}],"predecessor-version":[{"id":9143,"href":"https:\/\/waldkindergarten-berglen.de\/index.php?rest_route=\/wp\/v2\/pages\/110\/revisions\/9143"}],"wp:attachment":[{"href":"https:\/\/waldkindergarten-berglen.de\/index.php?rest_route=%2Fwp%2Fv2%2Fmedia&parent=110"}],"wp:term":[{"taxonomy":"category","embeddable":true,"href":"https:\/\/waldkindergarten-berglen.de\/index.php?rest_route=%2Fwp%2Fv2%2Fcategories&post=110"},{"taxonomy":"post_tag","embeddable":true,"href":"https:\/\/waldkindergarten-berglen.de\/index.php?rest_route=%2Fwp%2Fv2%2Ftags&post=110"}],"curies":[{"name":"wp","href":"https:\/\/api.w.org\/{rel}","templated":true}]}}