{"id":112,"date":"2009-01-01T14:59:36","date_gmt":"2009-01-01T14:59:36","guid":{"rendered":"https:\/\/waldkindergartensite.wordpress.com\/?page_id=112"},"modified":"2025-01-18T09:17:53","modified_gmt":"2025-01-18T08:17:53","slug":"arbeitsstunden","status":"publish","type":"page","link":"https:\/\/waldkindergarten-berglen.de\/?page_id=112","title":{"rendered":"Arbeitsstunden"},"content":{"rendered":"<p><em>Mit der Anmeldung im Waldkindergarten verpflichten Sie sich:<\/em><\/p>\n<p>J\u00e4hrlich 15 Arbeitsstunden f\u00fcr den Waldkindergarten zu leisten. Diese sind meist schnell abgeleistet, da es bei uns im Wald immer genug zu tun gibt und die Vielfalt der zu erledigenden Arbeiten sehr gro\u00df ist.<\/p>\n<figure id=\"attachment_3490\" aria-describedby=\"caption-attachment-3490\" style=\"width: 300px\" class=\"wp-caption aligncenter\"><img loading=\"lazy\" decoding=\"async\" class=\"size-medium wp-image-3490\" src=\"http:\/\/waldkindergarten-berglen.de\/wp-content\/uploads\/2017\/08\/Alles-ganz-akkurat-1-300x225.jpg\" alt=\"\" width=\"300\" height=\"225\" srcset=\"https:\/\/waldkindergarten-berglen.de\/wp-content\/uploads\/2017\/08\/Alles-ganz-akkurat-1-300x225.jpg 300w, https:\/\/waldkindergarten-berglen.de\/wp-content\/uploads\/2017\/08\/Alles-ganz-akkurat-1.jpg 400w\" sizes=\"auto, (max-width: 300px) 100vw, 300px\" \/><figcaption id=\"caption-attachment-3490\" class=\"wp-caption-text\">Alles ganz akkurat!<\/figcaption><\/figure>\n<p>Einige ganz typischen Arbeiten sind z.B. Holz spalten, Triebe am Weidentippi einflechten bzw. schneiden, St\u00fcckle m\u00e4hen, Sturmh\u00f6hle und Spatzennest putzen, Zaun reparieren, Waldsofa\u00b4s aufpolstern, als Elternbeirat t\u00e4tig werden usw.<\/p>\n<p><strong>Sie werden also alle gebraucht!<\/strong><\/p>\n<p>F\u00fcr jede nicht geleistete Arbeitsstunde berechnen wir am Ende vom Kindergartenjahr 50\u20ac.<\/p>\n","protected":false},"excerpt":{"rendered":"<p>Mit der Anmeldung im Waldkindergarten verpflichten Sie sich: J\u00e4hrlich 15 Arbeitsstunden f\u00fcr den Waldkindergarten zu leisten. Diese sind meist schnell abgeleistet, da es bei uns im Wald immer genug zu tun gibt und die Vielfalt der zu erledigenden Arbeiten sehr gro\u00df ist. Einige ganz typischen Arbeiten sind z.B. Holz spalten, Triebe am Weidentippi einflechten bzw.&hellip; <a href=\"https:\/\/waldkindergarten-berglen.de\/?page_id=112\" class=\"more-link\">Weiterlesen <span class=\"screen-reader-text\">Arbeitsstunden<\/span><\/a><\/p>\n","protected":false},"author":3,"featured_media":0,"parent":0,"menu_order":0,"comment_status":"closed","ping_status":"closed","template":"","meta":{"ngg_post_thumbnail":0,"footnotes":""},"categories":[5],"tags":[],"class_list":["post-112","page","type-page","status-publish","hentry","category-faq"],"jetpack_sharing_enabled":true,"_links":{"self":[{"href":"https:\/\/waldkindergarten-berglen.de\/index.php?rest_route=\/wp\/v2\/pages\/112","targetHints":{"allow":["GET"]}}],"collection":[{"href":"https:\/\/waldkindergarten-berglen.de\/index.php?rest_route=\/wp\/v2\/pages"}],"about":[{"href":"https:\/\/waldkindergarten-berglen.de\/index.php?rest_route=\/wp\/v2\/types\/page"}],"author":[{"embeddable":true,"href":"https:\/\/waldkindergarten-berglen.de\/index.php?rest_route=\/wp\/v2\/users\/3"}],"replies":[{"embeddable":true,"href":"https:\/\/waldkindergarten-berglen.de\/index.php?rest_route=%2Fwp%2Fv2%2Fcomments&post=112"}],"version-history":[{"count":3,"href":"https:\/\/waldkindergarten-berglen.de\/index.php?rest_route=\/wp\/v2\/pages\/112\/revisions"}],"predecessor-version":[{"id":8886,"href":"https:\/\/waldkindergarten-berglen.de\/index.php?rest_route=\/wp\/v2\/pages\/112\/revisions\/8886"}],"wp:attachment":[{"href":"https:\/\/waldkindergarten-berglen.de\/index.php?rest_route=%2Fwp%2Fv2%2Fmedia&parent=112"}],"wp:term":[{"taxonomy":"category","embeddable":true,"href":"https:\/\/waldkindergarten-berglen.de\/index.php?rest_route=%2Fwp%2Fv2%2Fcategories&post=112"},{"taxonomy":"post_tag","embeddable":true,"href":"https:\/\/waldkindergarten-berglen.de\/index.php?rest_route=%2Fwp%2Fv2%2Ftags&post=112"}],"curies":[{"name":"wp","href":"https:\/\/api.w.org\/{rel}","templated":true}]}}