{"id":119,"date":"2009-01-01T14:57:34","date_gmt":"2009-01-01T14:57:34","guid":{"rendered":"https:\/\/waldkindergartensite.wordpress.com\/?page_id=119"},"modified":"2024-09-09T17:35:39","modified_gmt":"2024-09-09T15:35:39","slug":"bring-und-abholzeiten","status":"publish","type":"page","link":"https:\/\/waldkindergarten-berglen.de\/?page_id=119","title":{"rendered":"Bring- und Abholzeiten"},"content":{"rendered":"<p>Sie k\u00f6nnen Ihre Kinder von Montag bis Freitag t\u00e4glich zwischen 8.00 Uhr und 8.40 Uhr zum Treffpunkt auf den Waldspielplatz Kottweil bringen und zwischen 12.30 Uhr und 13.00 Uhr oder bei gew\u00fcnschter verl\u00e4ngerten Betreuung bis 14:00 Uhr dort auch wieder abholen.<\/p>\n<figure id=\"attachment_3553\" aria-describedby=\"caption-attachment-3553\" style=\"width: 300px\" class=\"wp-caption aligncenter\"><img loading=\"lazy\" decoding=\"async\" class=\"size-medium wp-image-3553\" src=\"http:\/\/waldkindergarten-berglen.de\/wp-content\/uploads\/2009\/01\/Gruppenkuscheln.-1-300x225.jpg\" alt=\"\" width=\"300\" height=\"225\" srcset=\"https:\/\/waldkindergarten-berglen.de\/wp-content\/uploads\/2009\/01\/Gruppenkuscheln.-1-300x225.jpg 300w, https:\/\/waldkindergarten-berglen.de\/wp-content\/uploads\/2009\/01\/Gruppenkuscheln.-1.jpg 400w\" sizes=\"auto, (max-width: 300px) 100vw, 300px\" \/><figcaption id=\"caption-attachment-3553\" class=\"wp-caption-text\">Gruppenkuscheln<\/figcaption><\/figure>\n<p>W\u00e4hrend dieser Bring- und Abholzeiten werden die Kinder von den Erzieherinnen beaufsichtigt und betreut.<\/p>\n","protected":false},"excerpt":{"rendered":"<p>Sie k\u00f6nnen Ihre Kinder von Montag bis Freitag t\u00e4glich zwischen 8.00 Uhr und 8.40 Uhr zum Treffpunkt auf den Waldspielplatz Kottweil bringen und zwischen 12.30 Uhr und 13.00 Uhr oder bei gew\u00fcnschter verl\u00e4ngerten Betreuung bis 14:00 Uhr dort auch wieder abholen. W\u00e4hrend dieser Bring- und Abholzeiten werden die Kinder von den Erzieherinnen beaufsichtigt und betreut.<\/p>\n","protected":false},"author":3,"featured_media":0,"parent":0,"menu_order":0,"comment_status":"closed","ping_status":"closed","template":"","meta":{"ngg_post_thumbnail":0,"footnotes":""},"categories":[5],"tags":[],"class_list":["post-119","page","type-page","status-publish","hentry","category-faq"],"jetpack_sharing_enabled":true,"_links":{"self":[{"href":"https:\/\/waldkindergarten-berglen.de\/index.php?rest_route=\/wp\/v2\/pages\/119","targetHints":{"allow":["GET"]}}],"collection":[{"href":"https:\/\/waldkindergarten-berglen.de\/index.php?rest_route=\/wp\/v2\/pages"}],"about":[{"href":"https:\/\/waldkindergarten-berglen.de\/index.php?rest_route=\/wp\/v2\/types\/page"}],"author":[{"embeddable":true,"href":"https:\/\/waldkindergarten-berglen.de\/index.php?rest_route=\/wp\/v2\/users\/3"}],"replies":[{"embeddable":true,"href":"https:\/\/waldkindergarten-berglen.de\/index.php?rest_route=%2Fwp%2Fv2%2Fcomments&post=119"}],"version-history":[{"count":1,"href":"https:\/\/waldkindergarten-berglen.de\/index.php?rest_route=\/wp\/v2\/pages\/119\/revisions"}],"predecessor-version":[{"id":8706,"href":"https:\/\/waldkindergarten-berglen.de\/index.php?rest_route=\/wp\/v2\/pages\/119\/revisions\/8706"}],"wp:attachment":[{"href":"https:\/\/waldkindergarten-berglen.de\/index.php?rest_route=%2Fwp%2Fv2%2Fmedia&parent=119"}],"wp:term":[{"taxonomy":"category","embeddable":true,"href":"https:\/\/waldkindergarten-berglen.de\/index.php?rest_route=%2Fwp%2Fv2%2Fcategories&post=119"},{"taxonomy":"post_tag","embeddable":true,"href":"https:\/\/waldkindergarten-berglen.de\/index.php?rest_route=%2Fwp%2Fv2%2Ftags&post=119"}],"curies":[{"name":"wp","href":"https:\/\/api.w.org\/{rel}","templated":true}]}}