{"id":122,"date":"2009-01-01T14:56:22","date_gmt":"2009-01-01T14:56:22","guid":{"rendered":"https:\/\/waldkindergartensite.wordpress.com\/?page_id=122"},"modified":"2009-01-01T14:56:22","modified_gmt":"2009-01-01T14:56:22","slug":"fahrgemeinschaften","status":"publish","type":"page","link":"https:\/\/waldkindergarten-berglen.de\/?page_id=122","title":{"rendered":"Fahrgemeinschaften"},"content":{"rendered":"<p>Damit nicht alle Eltern zweimal t\u00e4glich in den Waldkindergarten fahren m\u00fcssen, haben sich verschiedene Fahrgemeinschaften gebildet. Diese funktionieren sehr gut und tun zudem unserer Umwelt gut.<\/p>\n<p>Sollten Sie Fahrgemeinschaften bilden, so informieren Sie bitte die Erzieherinnen dar\u00fcber und stellen Sie sicher, dass alle Kinder ordnungsgem\u00e4\u00df gesichert und angeschnallt mitfahren.<\/p>\n","protected":false},"excerpt":{"rendered":"<p>Damit nicht alle Eltern zweimal t\u00e4glich in den Waldkindergarten fahren m\u00fcssen, haben sich verschiedene Fahrgemeinschaften gebildet. Diese funktionieren sehr gut und tun zudem unserer Umwelt gut. Sollten Sie Fahrgemeinschaften bilden, so informieren Sie bitte die Erzieherinnen dar\u00fcber und stellen Sie sicher, dass alle Kinder ordnungsgem\u00e4\u00df gesichert und angeschnallt mitfahren.<\/p>\n","protected":false},"author":3,"featured_media":0,"parent":0,"menu_order":0,"comment_status":"closed","ping_status":"closed","template":"","meta":{"ngg_post_thumbnail":0,"footnotes":""},"categories":[5],"tags":[],"class_list":["post-122","page","type-page","status-publish","hentry","category-faq"],"jetpack_sharing_enabled":true,"_links":{"self":[{"href":"https:\/\/waldkindergarten-berglen.de\/index.php?rest_route=\/wp\/v2\/pages\/122","targetHints":{"allow":["GET"]}}],"collection":[{"href":"https:\/\/waldkindergarten-berglen.de\/index.php?rest_route=\/wp\/v2\/pages"}],"about":[{"href":"https:\/\/waldkindergarten-berglen.de\/index.php?rest_route=\/wp\/v2\/types\/page"}],"author":[{"embeddable":true,"href":"https:\/\/waldkindergarten-berglen.de\/index.php?rest_route=\/wp\/v2\/users\/3"}],"replies":[{"embeddable":true,"href":"https:\/\/waldkindergarten-berglen.de\/index.php?rest_route=%2Fwp%2Fv2%2Fcomments&post=122"}],"version-history":[{"count":0,"href":"https:\/\/waldkindergarten-berglen.de\/index.php?rest_route=\/wp\/v2\/pages\/122\/revisions"}],"wp:attachment":[{"href":"https:\/\/waldkindergarten-berglen.de\/index.php?rest_route=%2Fwp%2Fv2%2Fmedia&parent=122"}],"wp:term":[{"taxonomy":"category","embeddable":true,"href":"https:\/\/waldkindergarten-berglen.de\/index.php?rest_route=%2Fwp%2Fv2%2Fcategories&post=122"},{"taxonomy":"post_tag","embeddable":true,"href":"https:\/\/waldkindergarten-berglen.de\/index.php?rest_route=%2Fwp%2Fv2%2Ftags&post=122"}],"curies":[{"name":"wp","href":"https:\/\/api.w.org\/{rel}","templated":true}]}}