{"id":13,"date":"2016-03-05T16:31:35","date_gmt":"2016-03-05T16:31:35","guid":{"rendered":"https:\/\/waldkindergartensite.wordpress.com\/asd\/"},"modified":"2020-04-12T23:36:34","modified_gmt":"2020-04-12T21:36:34","slug":"traegerverein","status":"publish","type":"page","link":"https:\/\/waldkindergarten-berglen.de\/?page_id=13","title":{"rendered":"Der Tr\u00e4gerverein"},"content":{"rendered":"<p><em>Der Waldkindergarten Berglen wird von dem Tr\u00e4gerverein \u00abWaldkindergarten Berglen e.V.\u00bb betrieben.<\/em><\/p>\n<p>Hierzu w\u00e4hlt die Mitgliederversammlung ein Vorstandsteam (3 vertretungsberechtigte Mitglieder und 3 Beisitzer\/innen), der die Gesch\u00e4fte ehrenamtlich f\u00fchrt.<\/p>\n<p>Unterst\u00fctzt wird diese Arbeit durch die Elternvertreter\/innen der einzelnen Gruppen die bei Personalentscheidungen mit stimmberechtigt sind. Um ein einflussreicher Verein zu sein ben\u00f6tigen wir viele Mitglieder. Deshalb sollten m\u00f6glichst alle Eltern unserer Wichtel und Zwerge und viele Freunde und F\u00f6rderer dem Verein beitreten.<\/p>\n<p><a href=\"\/wp-content\/uploads\/2020\/01\/Satzung-1.pdf\">Link zur aktuellen Satzung<\/a><\/p>\n","protected":false},"excerpt":{"rendered":"<p>Der Waldkindergarten Berglen wird von dem Tr\u00e4gerverein \u00abWaldkindergarten Berglen e.V.\u00bb betrieben. Hierzu w\u00e4hlt die Mitgliederversammlung ein Vorstandsteam (3 vertretungsberechtigte Mitglieder und 3 Beisitzer\/innen), der die Gesch\u00e4fte ehrenamtlich f\u00fchrt. Unterst\u00fctzt wird diese Arbeit durch die Elternvertreter\/innen der einzelnen Gruppen die bei Personalentscheidungen mit stimmberechtigt sind. Um ein einflussreicher Verein zu sein ben\u00f6tigen wir viele Mitglieder. Deshalb&hellip; <a href=\"https:\/\/waldkindergarten-berglen.de\/?page_id=13\" class=\"more-link\">Weiterlesen <span class=\"screen-reader-text\">Der Tr\u00e4gerverein<\/span><\/a><\/p>\n","protected":false},"author":2,"featured_media":0,"parent":0,"menu_order":0,"comment_status":"closed","ping_status":"closed","template":"","meta":{"ngg_post_thumbnail":0,"footnotes":""},"categories":[7],"tags":[],"class_list":["post-13","page","type-page","status-publish","hentry","category-verein"],"jetpack_sharing_enabled":true,"_links":{"self":[{"href":"https:\/\/waldkindergarten-berglen.de\/index.php?rest_route=\/wp\/v2\/pages\/13","targetHints":{"allow":["GET"]}}],"collection":[{"href":"https:\/\/waldkindergarten-berglen.de\/index.php?rest_route=\/wp\/v2\/pages"}],"about":[{"href":"https:\/\/waldkindergarten-berglen.de\/index.php?rest_route=\/wp\/v2\/types\/page"}],"author":[{"embeddable":true,"href":"https:\/\/waldkindergarten-berglen.de\/index.php?rest_route=\/wp\/v2\/users\/2"}],"replies":[{"embeddable":true,"href":"https:\/\/waldkindergarten-berglen.de\/index.php?rest_route=%2Fwp%2Fv2%2Fcomments&post=13"}],"version-history":[{"count":1,"href":"https:\/\/waldkindergarten-berglen.de\/index.php?rest_route=\/wp\/v2\/pages\/13\/revisions"}],"predecessor-version":[{"id":6577,"href":"https:\/\/waldkindergarten-berglen.de\/index.php?rest_route=\/wp\/v2\/pages\/13\/revisions\/6577"}],"wp:attachment":[{"href":"https:\/\/waldkindergarten-berglen.de\/index.php?rest_route=%2Fwp%2Fv2%2Fmedia&parent=13"}],"wp:term":[{"taxonomy":"category","embeddable":true,"href":"https:\/\/waldkindergarten-berglen.de\/index.php?rest_route=%2Fwp%2Fv2%2Fcategories&post=13"},{"taxonomy":"post_tag","embeddable":true,"href":"https:\/\/waldkindergarten-berglen.de\/index.php?rest_route=%2Fwp%2Fv2%2Ftags&post=13"}],"curies":[{"name":"wp","href":"https:\/\/api.w.org\/{rel}","templated":true}]}}