{"id":142,"date":"2009-01-01T14:49:29","date_gmt":"2009-01-01T14:49:29","guid":{"rendered":"https:\/\/waldkindergartensite.wordpress.com\/kindergartenbetrieb\/"},"modified":"2020-04-12T23:59:00","modified_gmt":"2020-04-12T21:59:00","slug":"kindergartenbetrieb","status":"publish","type":"page","link":"https:\/\/waldkindergarten-berglen.de\/?page_id=142","title":{"rendered":"Kindergartenbetrieb"},"content":{"rendered":"<p><em>Der Kindergarten Berglen hat zurzeit zwei Gruppen, unsere Wichtel und Zwerge:<\/em><\/p>\n<p>Sie werden morgens zwischen 8 Uhr und 8.45 Uhr zum Waldspielplatz in Kottweil gebracht. Dort haben sie sich im Waldgebiet Hohenstein und auf den angrenzenden Wiesen ihre Aufenthaltspl\u00e4tze eingerichtet.<\/p>\n<figure id=\"attachment_3565\" aria-describedby=\"caption-attachment-3565\" style=\"width: 300px\" class=\"wp-caption aligncenter\"><img loading=\"lazy\" decoding=\"async\" class=\"size-medium wp-image-3565\" src=\"http:\/\/waldkindergarten-berglen.de\/wp-content\/uploads\/2009\/01\/AuchDrinnenSindWirAktiv-1-300x225.jpg\" alt=\"\" width=\"300\" height=\"225\" srcset=\"https:\/\/waldkindergarten-berglen.de\/wp-content\/uploads\/2009\/01\/AuchDrinnenSindWirAktiv-1-300x225.jpg 300w, https:\/\/waldkindergarten-berglen.de\/wp-content\/uploads\/2009\/01\/AuchDrinnenSindWirAktiv-1.jpg 400w\" sizes=\"auto, (max-width: 300px) 100vw, 300px\" \/><figcaption id=\"caption-attachment-3565\" class=\"wp-caption-text\">Auch drinnen sind wir aktiv!<\/figcaption><\/figure>\n<p>Als Notunterkunft stehen unsere Schutzh\u00fctte und das \u00abSpatzennest\u00bb die alte Kelter in Kottweil zur Verf\u00fcgung. Zwischen 12.30 Uhr und 13 Uhr bzw. bis 14 Uhr bei gew\u00fcnschter verl\u00e4ngerter Betreuungszeit, werden die Kinder wieder abgeholt.<br \/>\nIn einer Gruppe werden h\u00f6chstens 20 Kinder aufgenommen. Dabei werden sie von zwei Erzieherinnen und einer Drittkraft betreut.<\/p>\n","protected":false},"excerpt":{"rendered":"<p>Der Kindergarten Berglen hat zurzeit zwei Gruppen, unsere Wichtel und Zwerge: Sie werden morgens zwischen 8 Uhr und 8.45 Uhr zum Waldspielplatz in Kottweil gebracht. Dort haben sie sich im Waldgebiet Hohenstein und auf den angrenzenden Wiesen ihre Aufenthaltspl\u00e4tze eingerichtet. Als Notunterkunft stehen unsere Schutzh\u00fctte und das \u00abSpatzennest\u00bb die alte Kelter in Kottweil zur Verf\u00fcgung.&hellip; <a href=\"https:\/\/waldkindergarten-berglen.de\/?page_id=142\" class=\"more-link\">Weiterlesen <span class=\"screen-reader-text\">Kindergartenbetrieb<\/span><\/a><\/p>\n","protected":false},"author":3,"featured_media":0,"parent":0,"menu_order":0,"comment_status":"closed","ping_status":"closed","template":"","meta":{"ngg_post_thumbnail":0,"footnotes":""},"categories":[5],"tags":[],"class_list":["post-142","page","type-page","status-publish","hentry","category-faq"],"jetpack_sharing_enabled":true,"_links":{"self":[{"href":"https:\/\/waldkindergarten-berglen.de\/index.php?rest_route=\/wp\/v2\/pages\/142","targetHints":{"allow":["GET"]}}],"collection":[{"href":"https:\/\/waldkindergarten-berglen.de\/index.php?rest_route=\/wp\/v2\/pages"}],"about":[{"href":"https:\/\/waldkindergarten-berglen.de\/index.php?rest_route=\/wp\/v2\/types\/page"}],"author":[{"embeddable":true,"href":"https:\/\/waldkindergarten-berglen.de\/index.php?rest_route=\/wp\/v2\/users\/3"}],"replies":[{"embeddable":true,"href":"https:\/\/waldkindergarten-berglen.de\/index.php?rest_route=%2Fwp%2Fv2%2Fcomments&post=142"}],"version-history":[{"count":1,"href":"https:\/\/waldkindergarten-berglen.de\/index.php?rest_route=\/wp\/v2\/pages\/142\/revisions"}],"predecessor-version":[{"id":6586,"href":"https:\/\/waldkindergarten-berglen.de\/index.php?rest_route=\/wp\/v2\/pages\/142\/revisions\/6586"}],"wp:attachment":[{"href":"https:\/\/waldkindergarten-berglen.de\/index.php?rest_route=%2Fwp%2Fv2%2Fmedia&parent=142"}],"wp:term":[{"taxonomy":"category","embeddable":true,"href":"https:\/\/waldkindergarten-berglen.de\/index.php?rest_route=%2Fwp%2Fv2%2Fcategories&post=142"},{"taxonomy":"post_tag","embeddable":true,"href":"https:\/\/waldkindergarten-berglen.de\/index.php?rest_route=%2Fwp%2Fv2%2Ftags&post=142"}],"curies":[{"name":"wp","href":"https:\/\/api.w.org\/{rel}","templated":true}]}}