{"id":146,"date":"2009-01-01T14:45:32","date_gmt":"2009-01-01T14:45:32","guid":{"rendered":"https:\/\/waldkindergartensite.wordpress.com\/notfall-liste\/"},"modified":"2009-01-01T14:45:32","modified_gmt":"2009-01-01T14:45:32","slug":"notfall-liste","status":"publish","type":"page","link":"https:\/\/waldkindergarten-berglen.de\/?page_id=146","title":{"rendered":"Notfall-Liste"},"content":{"rendered":"<p><em>Die Erzieherinnen f\u00fchren Listen, auf denen f\u00fcr jedes Kind mehrere Telefonnummern notiert sind:<\/em><\/p>\n<p>Bei denen im Notfall nacheinander angerufen werden kann. Ein Notfall kann eine ernste Verletzung sein oder auch ein meist harmloser Umstand ( z.B. totales Na\u00dfwerden, untr\u00f6stliches Weinen), der ein weiteres Verweilen im Kindergarten unm\u00f6glich macht.<\/p>\n<p>\u00c4nderungen in den angegebenen Notfallnummern m\u00fcssen den Erzieherinnen unbedingt mitgeteilt werden!<\/p>\n","protected":false},"excerpt":{"rendered":"<p>Die Erzieherinnen f\u00fchren Listen, auf denen f\u00fcr jedes Kind mehrere Telefonnummern notiert sind: Bei denen im Notfall nacheinander angerufen werden kann. Ein Notfall kann eine ernste Verletzung sein oder auch ein meist harmloser Umstand ( z.B. totales Na\u00dfwerden, untr\u00f6stliches Weinen), der ein weiteres Verweilen im Kindergarten unm\u00f6glich macht. \u00c4nderungen in den angegebenen Notfallnummern m\u00fcssen den&hellip; <a href=\"https:\/\/waldkindergarten-berglen.de\/?page_id=146\" class=\"more-link\">Weiterlesen <span class=\"screen-reader-text\">Notfall-Liste<\/span><\/a><\/p>\n","protected":false},"author":3,"featured_media":0,"parent":0,"menu_order":0,"comment_status":"closed","ping_status":"closed","template":"","meta":{"ngg_post_thumbnail":0,"footnotes":""},"categories":[5],"tags":[],"class_list":["post-146","page","type-page","status-publish","hentry","category-faq"],"jetpack_sharing_enabled":true,"_links":{"self":[{"href":"https:\/\/waldkindergarten-berglen.de\/index.php?rest_route=\/wp\/v2\/pages\/146","targetHints":{"allow":["GET"]}}],"collection":[{"href":"https:\/\/waldkindergarten-berglen.de\/index.php?rest_route=\/wp\/v2\/pages"}],"about":[{"href":"https:\/\/waldkindergarten-berglen.de\/index.php?rest_route=\/wp\/v2\/types\/page"}],"author":[{"embeddable":true,"href":"https:\/\/waldkindergarten-berglen.de\/index.php?rest_route=\/wp\/v2\/users\/3"}],"replies":[{"embeddable":true,"href":"https:\/\/waldkindergarten-berglen.de\/index.php?rest_route=%2Fwp%2Fv2%2Fcomments&post=146"}],"version-history":[{"count":0,"href":"https:\/\/waldkindergarten-berglen.de\/index.php?rest_route=\/wp\/v2\/pages\/146\/revisions"}],"wp:attachment":[{"href":"https:\/\/waldkindergarten-berglen.de\/index.php?rest_route=%2Fwp%2Fv2%2Fmedia&parent=146"}],"wp:term":[{"taxonomy":"category","embeddable":true,"href":"https:\/\/waldkindergarten-berglen.de\/index.php?rest_route=%2Fwp%2Fv2%2Fcategories&post=146"},{"taxonomy":"post_tag","embeddable":true,"href":"https:\/\/waldkindergarten-berglen.de\/index.php?rest_route=%2Fwp%2Fv2%2Ftags&post=146"}],"curies":[{"name":"wp","href":"https:\/\/api.w.org\/{rel}","templated":true}]}}