{"id":147,"date":"2009-01-01T14:44:33","date_gmt":"2009-01-01T14:44:33","guid":{"rendered":"https:\/\/waldkindergartensite.wordpress.com\/parkplaetze-und-zufahrtsweg\/"},"modified":"2009-01-01T14:44:33","modified_gmt":"2009-01-01T14:44:33","slug":"parkplaetze-und-zufahrtsweg","status":"publish","type":"page","link":"https:\/\/waldkindergarten-berglen.de\/?page_id=147","title":{"rendered":"Parkpl\u00e4tze und Zufahrtsweg"},"content":{"rendered":"<p><em>Parkpl\u00e4tze gibt\u00b4s direkt am Kottweiler Waldspielplatz:<\/em><\/p>\n<p>Bitte die obersten vier Parkpl\u00e4tze f\u00fcr die Erzieherinnen freihalten!<\/p>\n<p>Damit die Kinder sicher zum Treffpunkt kommen, sollten sie auf dem Fu\u00dfweg vor den Autos hochgehen. Wir bitten die Erwachsenen hier ein gutes Vorbild zu sein.<\/p>\n<p>Auf dem Zufahrtsweg zum Spielplatz gilt zum Schutz der Fu\u00dfg\u00e4nger Tempo 30! Bei Gegenverkehr bitte die Wiesen der Anlieger sch\u00fctzen und ausschlie\u00dflich die zwei Ausweichstellen (vor dem Schuppen und am Feldweg mit dem Wasserschutzgebiet-Schild) ben\u00fctzen.<\/p>\n<p>Achtung! Im Winter wird die Zufahrtstrasse meist weder ger\u00e4umt noch gestreut.<\/p>\n<p>Deshalb sollten Sie sich bei stark verschneiten Strassen gen\u00fcgend Zeit einplanen und Ihr Auto am Ortseingang von Kottweil abstellen, um den restlichen Weg zu Fu\u00df zu gehen. H\u00e4ufig treffen sich mehrere Eltern vorne um nachkommende Kinder (deren Eltern z.B. in die Arbeit m\u00fcssen)\u00a0 zum Waldspielplatz mitzunehmen.<\/p>\n","protected":false},"excerpt":{"rendered":"<p>Parkpl\u00e4tze gibt\u00b4s direkt am Kottweiler Waldspielplatz: Bitte die obersten vier Parkpl\u00e4tze f\u00fcr die Erzieherinnen freihalten! Damit die Kinder sicher zum Treffpunkt kommen, sollten sie auf dem Fu\u00dfweg vor den Autos hochgehen. Wir bitten die Erwachsenen hier ein gutes Vorbild zu sein. Auf dem Zufahrtsweg zum Spielplatz gilt zum Schutz der Fu\u00dfg\u00e4nger Tempo 30! Bei Gegenverkehr&hellip; <a href=\"https:\/\/waldkindergarten-berglen.de\/?page_id=147\" class=\"more-link\">Weiterlesen <span class=\"screen-reader-text\">Parkpl\u00e4tze und Zufahrtsweg<\/span><\/a><\/p>\n","protected":false},"author":3,"featured_media":0,"parent":0,"menu_order":0,"comment_status":"closed","ping_status":"closed","template":"","meta":{"ngg_post_thumbnail":0,"footnotes":""},"categories":[5],"tags":[],"class_list":["post-147","page","type-page","status-publish","hentry","category-faq"],"jetpack_sharing_enabled":true,"_links":{"self":[{"href":"https:\/\/waldkindergarten-berglen.de\/index.php?rest_route=\/wp\/v2\/pages\/147","targetHints":{"allow":["GET"]}}],"collection":[{"href":"https:\/\/waldkindergarten-berglen.de\/index.php?rest_route=\/wp\/v2\/pages"}],"about":[{"href":"https:\/\/waldkindergarten-berglen.de\/index.php?rest_route=\/wp\/v2\/types\/page"}],"author":[{"embeddable":true,"href":"https:\/\/waldkindergarten-berglen.de\/index.php?rest_route=\/wp\/v2\/users\/3"}],"replies":[{"embeddable":true,"href":"https:\/\/waldkindergarten-berglen.de\/index.php?rest_route=%2Fwp%2Fv2%2Fcomments&post=147"}],"version-history":[{"count":0,"href":"https:\/\/waldkindergarten-berglen.de\/index.php?rest_route=\/wp\/v2\/pages\/147\/revisions"}],"wp:attachment":[{"href":"https:\/\/waldkindergarten-berglen.de\/index.php?rest_route=%2Fwp%2Fv2%2Fmedia&parent=147"}],"wp:term":[{"taxonomy":"category","embeddable":true,"href":"https:\/\/waldkindergarten-berglen.de\/index.php?rest_route=%2Fwp%2Fv2%2Fcategories&post=147"},{"taxonomy":"post_tag","embeddable":true,"href":"https:\/\/waldkindergarten-berglen.de\/index.php?rest_route=%2Fwp%2Fv2%2Ftags&post=147"}],"curies":[{"name":"wp","href":"https:\/\/api.w.org\/{rel}","templated":true}]}}