{"id":152,"date":"2016-05-29T21:22:38","date_gmt":"2016-05-29T19:22:38","guid":{"rendered":"https:\/\/waldkindergartensite.wordpress.com\/tetanus\/"},"modified":"2016-05-29T21:22:38","modified_gmt":"2016-05-29T19:22:38","slug":"tetanus","status":"publish","type":"page","link":"https:\/\/waldkindergarten-berglen.de\/?page_id=152","title":{"rendered":"Tetanus"},"content":{"rendered":"<p><em>Der sporenbildende Bazillus Clostridium tetani ist im Erdboden und im Darm von Mensch und Tier weit verbreitet:<\/em><\/p>\n<p>Dementsprechend sind besonders Personen in der Landwirtschaft bei Verletzungen wundstarrkrampfgef\u00e4hrdet. F\u00fcr Kinder und Betreuer in Waldkinderg\u00e4rten ist daher darauf zu achten, dass ein effektiver Impfschutz f\u00fcr Tetanus vorliegt. Falls die letzte Impfung l\u00e4nger als 10 Jahre zur\u00fcckliegt, ist eine Auffrischimpfung dringend zu empfehlen, unterbrochene Basisimmunisierungen k\u00f6nnen jederzeit fortgesetzt werden.<\/p>\n","protected":false},"excerpt":{"rendered":"<p>Der sporenbildende Bazillus Clostridium tetani ist im Erdboden und im Darm von Mensch und Tier weit verbreitet: Dementsprechend sind besonders Personen in der Landwirtschaft bei Verletzungen wundstarrkrampfgef\u00e4hrdet. F\u00fcr Kinder und Betreuer in Waldkinderg\u00e4rten ist daher darauf zu achten, dass ein effektiver Impfschutz f\u00fcr Tetanus vorliegt. Falls die letzte Impfung l\u00e4nger als 10 Jahre zur\u00fcckliegt, ist&hellip; <a href=\"https:\/\/waldkindergarten-berglen.de\/?page_id=152\" class=\"more-link\">Weiterlesen <span class=\"screen-reader-text\">Tetanus<\/span><\/a><\/p>\n","protected":false},"author":2,"featured_media":0,"parent":0,"menu_order":0,"comment_status":"closed","ping_status":"closed","template":"","meta":{"ngg_post_thumbnail":0,"footnotes":""},"categories":[],"tags":[],"class_list":["post-152","page","type-page","status-publish","hentry"],"jetpack_sharing_enabled":true,"_links":{"self":[{"href":"https:\/\/waldkindergarten-berglen.de\/index.php?rest_route=\/wp\/v2\/pages\/152","targetHints":{"allow":["GET"]}}],"collection":[{"href":"https:\/\/waldkindergarten-berglen.de\/index.php?rest_route=\/wp\/v2\/pages"}],"about":[{"href":"https:\/\/waldkindergarten-berglen.de\/index.php?rest_route=\/wp\/v2\/types\/page"}],"author":[{"embeddable":true,"href":"https:\/\/waldkindergarten-berglen.de\/index.php?rest_route=\/wp\/v2\/users\/2"}],"replies":[{"embeddable":true,"href":"https:\/\/waldkindergarten-berglen.de\/index.php?rest_route=%2Fwp%2Fv2%2Fcomments&post=152"}],"version-history":[{"count":0,"href":"https:\/\/waldkindergarten-berglen.de\/index.php?rest_route=\/wp\/v2\/pages\/152\/revisions"}],"wp:attachment":[{"href":"https:\/\/waldkindergarten-berglen.de\/index.php?rest_route=%2Fwp%2Fv2%2Fmedia&parent=152"}],"wp:term":[{"taxonomy":"category","embeddable":true,"href":"https:\/\/waldkindergarten-berglen.de\/index.php?rest_route=%2Fwp%2Fv2%2Fcategories&post=152"},{"taxonomy":"post_tag","embeddable":true,"href":"https:\/\/waldkindergarten-berglen.de\/index.php?rest_route=%2Fwp%2Fv2%2Ftags&post=152"}],"curies":[{"name":"wp","href":"https:\/\/api.w.org\/{rel}","templated":true}]}}