{"id":153,"date":"2009-01-01T14:40:38","date_gmt":"2009-01-01T14:40:38","guid":{"rendered":"https:\/\/waldkindergartensite.wordpress.com\/tollwut\/"},"modified":"2009-01-01T14:40:38","modified_gmt":"2009-01-01T14:40:38","slug":"tollwut","status":"publish","type":"page","link":"https:\/\/waldkindergarten-berglen.de\/?page_id=153","title":{"rendered":"Tollwut"},"content":{"rendered":"<p><em>Das Tollwutvirus ist in erster Linie eine Infektion fleischfressender S\u00e4ugetiere, in Europa ist einer der Haupt\u00fcbertr\u00e4ger der Fuchs:<\/em><\/p>\n<p>Durch Massenimpfungen von Hunden und durch die orale Vakzinierung von F\u00fcchsen mit Hilfe von K\u00f6dern, die im Gel\u00e4nde ausgelegt werden, ist die Tollwut jedoch in Deutschland sehr selten geworden; unter Tausenden von obduzierten F\u00fcchsen konnten in den letzten Jahren nur noch in Einzelf\u00e4llen Tollwurinfektionen nachgewiesen werden. Dementsprechend hat es seit 1980 in Deutschland (im Gebiet der fr\u00fcheren DDR) nur noch 2 F\u00e4lle menschlicher Tollwut gegeben.<\/p>\n<p>Dies ist nicht nur ein Effekt der oben genannten Bek\u00e4mpfung, sondern h\u00e4ngt auch mit der verbesserten \u00abpostexpositionellen Prophylaxe\u00bb zusammen. Hierbei handelt es sich um eine aktive Impfung nach m\u00f6glichem Tollwut-Kontakt. Die fr\u00fcher sehr gef\u00e4hrliche Impfung geh\u00f6rt heute zu den bestvertr\u00e4glichsten, so dass sie heute schon beim geringsten Verdacht vorgenommen wird. Das Vorgehen nach m\u00f6glichem Tollwutkontakt ist durch Empfehlungen des WHO Expert Committee on Rabies geregelt.<\/p>\n<p>In Deutschland kommt ein Kontakt mit Tollwut-Viren derzeit wohl am ehesten durch Ber\u00fchrung von Fuchsk\u00f6dern zustande, die abgeschw\u00e4chte aber lebende Tollwut-Viren enthalten. Da R\u00fcckmutationen in die virulente Form nie ganz auszuschliessen sind, wird in diesem Fall ebenfalls eine postexpositionelle aktive Immunisierung empfohlen. Eine prophylaktische aktive Impfung gegen Tollwut f\u00fcr Kinder in einem Waldkindergarten ist dagegen nicht angezeigt, auch nicht in den Bezirken, die als tollwutgef\u00e4hrdet ausgewiesen sind.<\/p>\n","protected":false},"excerpt":{"rendered":"<p>Das Tollwutvirus ist in erster Linie eine Infektion fleischfressender S\u00e4ugetiere, in Europa ist einer der Haupt\u00fcbertr\u00e4ger der Fuchs: Durch Massenimpfungen von Hunden und durch die orale Vakzinierung von F\u00fcchsen mit Hilfe von K\u00f6dern, die im Gel\u00e4nde ausgelegt werden, ist die Tollwut jedoch in Deutschland sehr selten geworden; unter Tausenden von obduzierten F\u00fcchsen konnten in den&hellip; <a href=\"https:\/\/waldkindergarten-berglen.de\/?page_id=153\" class=\"more-link\">Weiterlesen <span class=\"screen-reader-text\">Tollwut<\/span><\/a><\/p>\n","protected":false},"author":3,"featured_media":0,"parent":0,"menu_order":0,"comment_status":"closed","ping_status":"closed","template":"","meta":{"ngg_post_thumbnail":0,"footnotes":""},"categories":[5],"tags":[],"class_list":["post-153","page","type-page","status-publish","hentry","category-faq"],"jetpack_sharing_enabled":true,"_links":{"self":[{"href":"https:\/\/waldkindergarten-berglen.de\/index.php?rest_route=\/wp\/v2\/pages\/153","targetHints":{"allow":["GET"]}}],"collection":[{"href":"https:\/\/waldkindergarten-berglen.de\/index.php?rest_route=\/wp\/v2\/pages"}],"about":[{"href":"https:\/\/waldkindergarten-berglen.de\/index.php?rest_route=\/wp\/v2\/types\/page"}],"author":[{"embeddable":true,"href":"https:\/\/waldkindergarten-berglen.de\/index.php?rest_route=\/wp\/v2\/users\/3"}],"replies":[{"embeddable":true,"href":"https:\/\/waldkindergarten-berglen.de\/index.php?rest_route=%2Fwp%2Fv2%2Fcomments&post=153"}],"version-history":[{"count":0,"href":"https:\/\/waldkindergarten-berglen.de\/index.php?rest_route=\/wp\/v2\/pages\/153\/revisions"}],"wp:attachment":[{"href":"https:\/\/waldkindergarten-berglen.de\/index.php?rest_route=%2Fwp%2Fv2%2Fmedia&parent=153"}],"wp:term":[{"taxonomy":"category","embeddable":true,"href":"https:\/\/waldkindergarten-berglen.de\/index.php?rest_route=%2Fwp%2Fv2%2Fcategories&post=153"},{"taxonomy":"post_tag","embeddable":true,"href":"https:\/\/waldkindergarten-berglen.de\/index.php?rest_route=%2Fwp%2Fv2%2Ftags&post=153"}],"curies":[{"name":"wp","href":"https:\/\/api.w.org\/{rel}","templated":true}]}}