{"id":156,"date":"2009-01-01T14:37:40","date_gmt":"2009-01-01T14:37:40","guid":{"rendered":"https:\/\/waldkindergartensite.wordpress.com\/zecken\/"},"modified":"2022-05-11T22:44:03","modified_gmt":"2022-05-11T20:44:03","slug":"zecken","status":"publish","type":"page","link":"https:\/\/waldkindergarten-berglen.de\/?page_id=156","title":{"rendered":"Zecken"},"content":{"rendered":"<p>Trotz des allt\u00e4glichen Aufenthalts in Wald und Wiesen haben unsere Waldkinder nicht mehr Zecken, als andere Kinder. Daf\u00fcr sorgen sicherlich auch die Eltern mit ihrer gr\u00fcndlichen Zeckenvorsorge durch die t\u00e4gliche Anwendung von Zeckenspray\u00b4s oder anderen Zeckenmitteln.<\/p>\n<p>Zecken lauern insbesondere im h\u00f6heren Gras, an Waldr\u00e4ndern und vorzugsweise in feuchtem, warmen Kleinklima; sie \u00abfallen\u00bb nicht von den B\u00e4umen !<\/p>\n<p>Suchen Sie Ihr Kind bitte t\u00e4glich direkt nach dem Kindergarten nach Zecken ab und entfernen Sie eventuelle Zecken sofort. Entfernen Sie Zecken mit einer spitzen Pinzette, packen Sie diese m\u00f6glichst nah am Stich und ziehen diese mit einem beherzten Ruck heraus.<\/p>\n<p>Eine Drehung ist nicht notwendig. Keinesfalls den Leib der Zecke quetschen, da so evtl. im Darm befindliche Borrelien erst recht in den Stich gespritzt werden. Keine \u00d6le oder Klebstoffe verwenden, da diese die Zecke veranlassen, Sekrete abzugeben!<\/p>\n<p>Wichtig ist es, die Zecken so bald als m\u00f6glich zu entfernen, da mit zunehmender Stichdauer das Risiko einer m\u00f6glichen Borrelien-\u00dcbertragung steigt.<\/p>\n<p>Die Einstichstelle sollte sofort desinfiziert werden, je nach Ansicht z.B. mit Jod, Alkohol oder Calendula-Salbe.<\/p>\n<p>Manchmal kommt es an der Einstichstelle zu R\u00f6tung und Schwellung. Dies ist oft eine allergische Reaktion auf den Speichel der Zecke. Ein Erythema migrans (Wanderr\u00f6te) als Indikator f\u00fcr eine Borreliose kann fr\u00fchestens 5 Tage nach Zeckenbiss erscheinen!<\/p>\n<p>Das Landesgesundheitsamt bietet uns die M\u00f6glichkeit, entfernte Zecken der Kinder kostenlos auf Borreliose untersuchen zu lassen. Die Eltern m\u00fcssen nur die Portokosten tragen. Der Nachweis von Borrelien-DNA wird mittels Polymerase-Kettenreaktion (PCR) erbracht. Dabei kann in ca. 2% der F\u00e4lle der Befund falsch-negativ sein. Deshalb wird bei lebendigen Zecken vom LGA eine Kultur angelegt, die nach ca. 3 Wochen eine zweite Sicherheit bietet. Wichtig ist es also, Zecken so zu entfernen und aufzubewahren, dass sie lebend im LGA ankommen.<\/p>\n<ol>\n<li>Schneiden Sie hierzu bitte die Ecke eines Gefrierbeutels ab, geben die Zecke hinein und verkleben diese \u00abMinit\u00fcte\u00bb gut mit Tesafilm.<\/li>\n<li>F\u00fcllen Sie das <a href=\"http:\/\/waldkindergarten-berglen.de\/wp-content\/uploads\/2021\/10\/Zeckenbegleitblatt.pdf\">Zeckenbegleitblatt<\/a> aus und geben beides mit 0,85\u20ac Porto zur Versendung an Chrissi Peters.<\/li>\n<\/ol>\n<p>Wir werden die Zecke schnellstm\u00f6glich an das Landesgesundheitsamt schicken! Von dort bekommt sie einen ausf\u00fchrlichen Bericht \u00fcber die untersuchte Zecke zur\u00fcck und wird Ihnen diesen unverz\u00fcglich aush\u00e4ndigen. Das Ergebnis der Zeckenuntersuchung liegt nach ca.5-7 Tagen vor.<\/p>\n<p>Werden Borrelien in der Zecke nachgewiesen, hei\u00dft das noch nicht automatisch, dass auch eine Infektion mit Borrelien erfolgt ist, da die \u00dcbertragung erst nach entsprechender Saugdauer oder durch Zerquetschen der Zecke erfolgt. (\u00dcbertragungsrate nach 16,7 Stunden Saugdauer ca. 47%, nach mehr als 47 Stunden fast 100%).<\/p>\n<p>Prophylaktisch k\u00f6nnen Antibiotika gegeben werden, sp\u00e4testens am 10. Tag nach Zeckenstich. Untersuchungen haben gezeigt, dass nicht alle Antibiotika zufriedenstellend wirken, bzw. zu niedrige Dosen wirkungslos bleiben, deshalb wird vom LGA mit dem positiven Befund eine Antibiotika-Empfehlung mitgegeben.<\/p>\n<p>Ca. 6 Wochen nach erfolgtem Zeckenbiss kann eine Blutuntersuchung durch Nachweis von Antik\u00f6rpern feststellen, ob eine Borrelieninfektion vorgelegen hat. Oft ist es auch m\u00f6glich, ca. 2-3 Wochen nach Infektion Borrelien-DNA im Urin nachzuweisen.<\/p>\n<p>Im Infektionsfall ist es zu empfehlen, drei Monate nach der Prophylaxe eine abschliessende serologische und klinische Kontrolle vornehmen zu lassen. Sind noch Borrelien nachweisbar, muss die Therapie eventuell wiederholt werden.<\/p>\n<p>Eine hom\u00f6opathische Alternative zum Antibiotikum ist die Gabe von Ledum, insbesondere wenn noch nicht feststeht, ob die Borrelien von der Zecke auf den Menschen \u00fcbertragen wurden oder nicht.<\/p>\n","protected":false},"excerpt":{"rendered":"<p>Trotz des allt\u00e4glichen Aufenthalts in Wald und Wiesen haben unsere Waldkinder nicht mehr Zecken, als andere Kinder. Daf\u00fcr sorgen sicherlich auch die Eltern mit ihrer gr\u00fcndlichen Zeckenvorsorge durch die t\u00e4gliche Anwendung von Zeckenspray\u00b4s oder anderen Zeckenmitteln. Zecken lauern insbesondere im h\u00f6heren Gras, an Waldr\u00e4ndern und vorzugsweise in feuchtem, warmen Kleinklima; sie \u00abfallen\u00bb nicht von den&hellip; <a href=\"https:\/\/waldkindergarten-berglen.de\/?page_id=156\" class=\"more-link\">Weiterlesen <span class=\"screen-reader-text\">Zecken<\/span><\/a><\/p>\n","protected":false},"author":3,"featured_media":0,"parent":0,"menu_order":0,"comment_status":"closed","ping_status":"closed","template":"","meta":{"ngg_post_thumbnail":0,"footnotes":""},"categories":[5],"tags":[],"class_list":["post-156","page","type-page","status-publish","hentry","category-faq"],"jetpack_sharing_enabled":true,"_links":{"self":[{"href":"https:\/\/waldkindergarten-berglen.de\/index.php?rest_route=\/wp\/v2\/pages\/156","targetHints":{"allow":["GET"]}}],"collection":[{"href":"https:\/\/waldkindergarten-berglen.de\/index.php?rest_route=\/wp\/v2\/pages"}],"about":[{"href":"https:\/\/waldkindergarten-berglen.de\/index.php?rest_route=\/wp\/v2\/types\/page"}],"author":[{"embeddable":true,"href":"https:\/\/waldkindergarten-berglen.de\/index.php?rest_route=\/wp\/v2\/users\/3"}],"replies":[{"embeddable":true,"href":"https:\/\/waldkindergarten-berglen.de\/index.php?rest_route=%2Fwp%2Fv2%2Fcomments&post=156"}],"version-history":[{"count":2,"href":"https:\/\/waldkindergarten-berglen.de\/index.php?rest_route=\/wp\/v2\/pages\/156\/revisions"}],"predecessor-version":[{"id":7590,"href":"https:\/\/waldkindergarten-berglen.de\/index.php?rest_route=\/wp\/v2\/pages\/156\/revisions\/7590"}],"wp:attachment":[{"href":"https:\/\/waldkindergarten-berglen.de\/index.php?rest_route=%2Fwp%2Fv2%2Fmedia&parent=156"}],"wp:term":[{"taxonomy":"category","embeddable":true,"href":"https:\/\/waldkindergarten-berglen.de\/index.php?rest_route=%2Fwp%2Fv2%2Fcategories&post=156"},{"taxonomy":"post_tag","embeddable":true,"href":"https:\/\/waldkindergarten-berglen.de\/index.php?rest_route=%2Fwp%2Fv2%2Ftags&post=156"}],"curies":[{"name":"wp","href":"https:\/\/api.w.org\/{rel}","templated":true}]}}