{"id":5718,"date":"2016-03-05T16:21:10","date_gmt":"2016-03-05T16:21:10","guid":{"rendered":"https:\/\/waldkindergartensite.wordpress.com\/?page_id=5"},"modified":"2016-03-05T16:21:10","modified_gmt":"2016-03-05T16:21:10","slug":"vereinsanfang","status":"publish","type":"page","link":"https:\/\/waldkindergarten-berglen.de\/?page_id=5718","title":{"rendered":"Der Anfang"},"content":{"rendered":"<p><em>Waltraud Manaa, Initiatorin des Waldkindergarten Berglen e.V. schildert die Anf\u00e4nge der Waldkindergarteninitiative:<\/em><\/p>\n<p>Die Berichte \u00fcber die d\u00e4nischen und den ersten deutschen Waldkindergarten in Flensburg hatten mein Interesse geweckt. Sie best\u00e4tigten meine eigenen Erfahrungen mit unseren Kindern, die bei Wanderungen und Aufenthalten im Wald, auf Wiesen und an B\u00e4chen ausgeglichen und zufrieden sind. Sie unterhalten sich dort intensiver als beispielsweise auf dem Spielplatz, machen sich gegenseitig auf Entdecktes aufmerksam und besch\u00e4ftigen sich oft sehr lange damit. Sie schlie\u00dfen Freundschaften mit B\u00e4umen und Pflanzen, lernen Rinden, Bl\u00e4tter und die dazugeh\u00f6rigen Fr\u00fcchte kennen und beziehen sie in ihr Spiel mit ein.<\/p>\n<p>Ein Tag ohne einen ausgedehnten Aufenthalt mit den Kindern im Freien verl\u00e4uft lauter und birgt viel mehr Spannungen. Bei gelegentlichen Kurzbesuchen im Regelkindergarten, um die Kinder von Geschwistern hinzubringen bzw. abzuholen, erschreckten mich Gruppen- und Raumgr\u00f6\u00dfe und der daraus resultierende L\u00e4rmpegel.<\/p>\n<p>Ich m\u00f6chte dies nicht als Kritik am Regelkindergarten verstanden wissen, sondern als subjektiven Eindruck, gem\u00fcnzt auf unsere bewegungsfreudigen und naturlieben Kinder, die sich dort sicherlich nur schwer eingew\u00f6hnen w\u00fcrden.<\/p>\n<p>Die Aufbauarbeiten f\u00fcr den Waldkindergarten, sowie die \u201eInbetriebnahme&#8220; sorgten f\u00fcr kontroverse Diskussionen im Umfeld. Dank ausf\u00fchrlicher Presseberichte wurden der Ablauf und der p\u00e4dagogischer Hintergrund f\u00fcr jeden einsehbar.<\/p>\n<p>Anf\u00e4ngliche Mutma\u00dfungen \u00fcber eine religi\u00f6se oder anders weltanschauliche Gebundenheit der Initiative wurden dadurch entkr\u00e4ftet, dass \u201enormale&#8220; B\u00fcrger ihre Kinder im Waldkindergarten anmeldeten.<\/p>\n<p>F\u00fcr die Gr\u00fcndung unseres Waldkindergartens bedurfte es einer Reihe von Vorgespr\u00e4chen mit dem Kreis- und Landesjugendamt, dem B\u00fcrgermeisteramt und dem zust\u00e4ndigen F\u00f6rster.<\/p>\n<p>Danach veranstalteten wir den ersten Informationsabend f\u00fcr interessierte Eltern. Es kamen ca. 40 B\u00fcrger aus verschiedenen Gemeinden. Dabei wurden in einer regen Diskussion \u00c4ngste und Bedenken sowie Interesse, Begeisterung und die Bereitschaft zur Mithilfe ausgesprochen.<\/p>\n<p>Mit 17 Anmeldungen begann die eigentliche Aufbauarbeit. Nach einer parlamentarischen Anfrage im Landtag folgten zahlreiche Gespr\u00e4che mit verschiedenen Beh\u00f6rden und Antr\u00e4ge auf finanzielle Zusch\u00fcsse bis schlie\u00dflich der Waldkindergarten Berglen im Dezember 1994 vom Landesjugendamt als Einrichtung im Sinne des \u00a745 KJHG sowie als Kindergarten im Sinne des \u00a71 Kindergartengesetz anerkannt wurde.<\/p>\n<div>Schon im September 1994 er\u00f6ffneten wir unseren Waldkindergarten in Berglen-Kottweil.<\/div>\n","protected":false},"excerpt":{"rendered":"<p>Waltraud Manaa, Initiatorin des Waldkindergarten Berglen e.V. schildert die Anf\u00e4nge der Waldkindergarteninitiative: Die Berichte \u00fcber die d\u00e4nischen und den ersten deutschen Waldkindergarten in Flensburg hatten mein Interesse geweckt. Sie best\u00e4tigten meine eigenen Erfahrungen mit unseren Kindern, die bei Wanderungen und Aufenthalten im Wald, auf Wiesen und an B\u00e4chen ausgeglichen und zufrieden sind. Sie unterhalten sich&hellip; <a href=\"https:\/\/waldkindergarten-berglen.de\/?page_id=5718\" class=\"more-link\">Weiterlesen <span class=\"screen-reader-text\">Der Anfang<\/span><\/a><\/p>\n","protected":false},"author":2,"featured_media":0,"parent":0,"menu_order":0,"comment_status":"closed","ping_status":"closed","template":"","meta":{"ngg_post_thumbnail":0,"footnotes":""},"categories":[7],"tags":[],"class_list":["post-5718","page","type-page","status-publish","hentry","category-verein"],"jetpack_sharing_enabled":true,"_links":{"self":[{"href":"https:\/\/waldkindergarten-berglen.de\/index.php?rest_route=\/wp\/v2\/pages\/5718","targetHints":{"allow":["GET"]}}],"collection":[{"href":"https:\/\/waldkindergarten-berglen.de\/index.php?rest_route=\/wp\/v2\/pages"}],"about":[{"href":"https:\/\/waldkindergarten-berglen.de\/index.php?rest_route=\/wp\/v2\/types\/page"}],"author":[{"embeddable":true,"href":"https:\/\/waldkindergarten-berglen.de\/index.php?rest_route=\/wp\/v2\/users\/2"}],"replies":[{"embeddable":true,"href":"https:\/\/waldkindergarten-berglen.de\/index.php?rest_route=%2Fwp%2Fv2%2Fcomments&post=5718"}],"version-history":[{"count":0,"href":"https:\/\/waldkindergarten-berglen.de\/index.php?rest_route=\/wp\/v2\/pages\/5718\/revisions"}],"wp:attachment":[{"href":"https:\/\/waldkindergarten-berglen.de\/index.php?rest_route=%2Fwp%2Fv2%2Fmedia&parent=5718"}],"wp:term":[{"taxonomy":"category","embeddable":true,"href":"https:\/\/waldkindergarten-berglen.de\/index.php?rest_route=%2Fwp%2Fv2%2Fcategories&post=5718"},{"taxonomy":"post_tag","embeddable":true,"href":"https:\/\/waldkindergarten-berglen.de\/index.php?rest_route=%2Fwp%2Fv2%2Ftags&post=5718"}],"curies":[{"name":"wp","href":"https:\/\/api.w.org\/{rel}","templated":true}]}}